{"id":219,"date":"2016-01-06T19:32:11","date_gmt":"2016-01-06T17:32:11","guid":{"rendered":"http:\/\/kopo.de\/kw234\/?page_id=219"},"modified":"2023-05-17T12:23:27","modified_gmt":"2023-05-17T10:23:27","slug":"impressum","status":"publish","type":"page","link":"https:\/\/kopo.de\/kw234\/impressum\/","title":{"rendered":"Impressum"},"content":{"rendered":"<h2>Impressum<\/h2>\n<div>\n<div>\n<div>\n<div>\n<p><strong>Kommunal-Verlag GmbH<\/strong><br \/>\nKlingelh\u00f6ferstr. 8<br \/>\n10785 Berlin<br \/>\nTelefon: 030 \/ 220 70 471<br \/>\nTelefax: 030 \/ 220 70 478<br \/>\nE-Mail: <a href=\"mailto:info@kommunal-verlag.com\">info@kommunal-verlag.com<\/a><\/p>\n<p><strong>Gesch\u00e4ftsf\u00fchrer:<\/strong> Tim-Rainer Bornholt<\/p>\n<p><strong>Umsatzsteuer-Identifikationsnummer:<\/strong> DE 122116123<\/p>\n<p>Nutzung und Verbreitung der Daten nur mit schriftlicher Genehmigung des Verlages. Dies gilt auch f\u00fcr die Aufnahme in elektronische Datenbanken und Vervielf\u00e4ltigung auf CD-ROM.<\/p>\n<p><strong>Links zu anderen Websites<\/strong><br \/>\nUnser Online-Angebot enth\u00e4lt Links zu anderen Websites. Wir haben keinen Einfluss darauf, dass dere Betreiber die Datenschutzbestimmungen einhalten. Wir sind als Anbieter f\u00fcr eigene Inhalte nach den allgemeinen Gesetzen verantwortlich. Von diesen eigenen Inhalten sind unter Umst\u00e4nden Links auf die von anderen Anbietern bereitgehaltenen Inhalte zu unterscheiden. F\u00fcr fremde Inhalte, die \u00fcber Links zur Nutzung bereitgestellt werden und besonders gekennzeichnet sind, \u00fcbernehmen wir keine Verantwortung und machen uns deren Inhalt nicht zu Eigen.<\/p>\n<p>F\u00fcr illegale, fehlerhafte oder unvollst\u00e4ndige Inhalte sowie f\u00fcr Sch\u00e4den, die durch die Nutzung oder Nichtnutzung der Informationen entstehen, haftet allein der Anbieter der Website, auf die verwiesen wurde. F\u00fcr fremde Hinweise ist die Redaktion nur dann verantwortlich, wenn sie von ihnen, das hei\u00dft auch von einem eventuell rechtswidrigen bzw. strafbaren Inhalt, positive Kenntnis hat, und es technisch nicht m\u00f6glich und zumutbar ist, deren Nutzung zu verhindern.<\/p>\n<\/div>\n<\/div>\n<\/div>\n<\/div>\n","protected":false},"excerpt":{"rendered":"<p>Impressum Kommunal-Verlag GmbH Klingelh\u00f6ferstr. 8 10785 Berlin Telefon: 030 \/ 220 70 471 Telefax: 030 \/ 220 70 478 E-Mail: info@kommunal-verlag.com Gesch\u00e4ftsf\u00fchrer: Tim-Rainer Bornholt Umsatzsteuer-Identifikationsnummer: DE 122116123 Nutzung und Verbreitung der Daten nur mit schriftlicher Genehmigung des Verlages. Dies gilt auch f\u00fcr die Aufnahme in elektronische Datenbanken und Vervielf\u00e4ltigung auf CD-ROM. Links zu anderen Websites [&hellip;]<\/p>\n","protected":false},"author":2,"featured_media":0,"parent":0,"menu_order":0,"comment_status":"closed","ping_status":"closed","template":"","meta":{"_acf_changed":false,"_et_pb_use_builder":"","_et_pb_old_content":"","_et_gb_content_width":"","footnotes":""},"class_list":["post-219","page","type-page","status-publish","hentry"],"acf":[],"yoast_head":"<!-- This site is optimized with the Yoast SEO plugin v27.5 - https:\/\/yoast.com\/product\/yoast-seo-wordpress\/ -->\n<title>Impressum - kommunalwelt.de<\/title>\n<meta name=\"robots\" content=\"noindex, nofollow\" \/>\n<meta property=\"og:locale\" content=\"de_DE\" \/>\n<meta property=\"og:type\" content=\"article\" \/>\n<meta property=\"og:title\" content=\"Impressum - kommunalwelt.de\" \/>\n<meta property=\"og:description\" content=\"Impressum Kommunal-Verlag GmbH Klingelh\u00f6ferstr. 8 10785 Berlin Telefon: 030 \/ 220 70 471 Telefax: 030 \/ 220 70 478 E-Mail: info@kommunal-verlag.com Gesch\u00e4ftsf\u00fchrer: Tim-Rainer Bornholt Umsatzsteuer-Identifikationsnummer: DE 122116123 Nutzung und Verbreitung der Daten nur mit schriftlicher Genehmigung des Verlages. Dies gilt auch f\u00fcr die Aufnahme in elektronische Datenbanken und Vervielf\u00e4ltigung auf CD-ROM. Links zu anderen Websites [&hellip;]\" \/>\n<meta property=\"og:url\" content=\"https:\/\/kommunalwelt.de\/impressum\/\" \/>\n<meta property=\"og:site_name\" content=\"kommunalwelt.de\" \/>\n<meta property=\"article:modified_time\" content=\"2023-05-17T10:23:27+00:00\" \/>\n<meta name=\"twitter:card\" content=\"summary_large_image\" \/>\n<meta name=\"twitter:label1\" content=\"Gesch\u00e4tzte Lesezeit\" \/>\n\t<meta name=\"twitter:data1\" content=\"2\u00a0Minuten\" \/>\n<script type=\"application\/ld+json\" class=\"yoast-schema-graph\">{\"@context\":\"https:\\\/\\\/schema.org\",\"@graph\":[{\"@type\":\"WebPage\",\"@id\":\"https:\\\/\\\/kommunalwelt.de\\\/impressum\\\/\",\"url\":\"https:\\\/\\\/kommunalwelt.de\\\/impressum\\\/\",\"name\":\"Impressum - kommunalwelt.de\",\"isPartOf\":{\"@id\":\"https:\\\/\\\/kopo.de\\\/kw234\\\/#website\"},\"datePublished\":\"2016-01-06T17:32:11+00:00\",\"dateModified\":\"2023-05-17T10:23:27+00:00\",\"breadcrumb\":{\"@id\":\"https:\\\/\\\/kommunalwelt.de\\\/impressum\\\/#breadcrumb\"},\"inLanguage\":\"de\",\"potentialAction\":[{\"@type\":\"ReadAction\",\"target\":[\"https:\\\/\\\/kommunalwelt.de\\\/impressum\\\/\"]}]},{\"@type\":\"BreadcrumbList\",\"@id\":\"https:\\\/\\\/kommunalwelt.de\\\/impressum\\\/#breadcrumb\",\"itemListElement\":[{\"@type\":\"ListItem\",\"position\":1,\"name\":\"Home\",\"item\":\"https:\\\/\\\/kopo.de\\\/kw234\\\/\"},{\"@type\":\"ListItem\",\"position\":2,\"name\":\"Impressum\"}]},{\"@type\":\"WebSite\",\"@id\":\"https:\\\/\\\/kopo.de\\\/kw234\\\/#website\",\"url\":\"https:\\\/\\\/kopo.de\\\/kw234\\\/\",\"name\":\"kommunalwelt.de\",\"description\":\"\",\"potentialAction\":[{\"@type\":\"SearchAction\",\"target\":{\"@type\":\"EntryPoint\",\"urlTemplate\":\"https:\\\/\\\/kopo.de\\\/kw234\\\/?s={search_term_string}\"},\"query-input\":{\"@type\":\"PropertyValueSpecification\",\"valueRequired\":true,\"valueName\":\"search_term_string\"}}],\"inLanguage\":\"de\"}]}<\/script>\n<!-- \/ Yoast SEO plugin. -->","yoast_head_json":{"title":"Impressum - kommunalwelt.de","robots":{"index":"noindex","follow":"nofollow"},"og_locale":"de_DE","og_type":"article","og_title":"Impressum - kommunalwelt.de","og_description":"Impressum Kommunal-Verlag GmbH Klingelh\u00f6ferstr. 8 10785 Berlin Telefon: 030 \/ 220 70 471 Telefax: 030 \/ 220 70 478 E-Mail: info@kommunal-verlag.com Gesch\u00e4ftsf\u00fchrer: Tim-Rainer Bornholt Umsatzsteuer-Identifikationsnummer: DE 122116123 Nutzung und Verbreitung der Daten nur mit schriftlicher Genehmigung des Verlages. Dies gilt auch f\u00fcr die Aufnahme in elektronische Datenbanken und Vervielf\u00e4ltigung auf CD-ROM. Links zu anderen Websites [&hellip;]","og_url":"https:\/\/kommunalwelt.de\/impressum\/","og_site_name":"kommunalwelt.de","article_modified_time":"2023-05-17T10:23:27+00:00","twitter_card":"summary_large_image","twitter_misc":{"Gesch\u00e4tzte Lesezeit":"2\u00a0Minuten"},"schema":{"@context":"https:\/\/schema.org","@graph":[{"@type":"WebPage","@id":"https:\/\/kommunalwelt.de\/impressum\/","url":"https:\/\/kommunalwelt.de\/impressum\/","name":"Impressum - kommunalwelt.de","isPartOf":{"@id":"https:\/\/kopo.de\/kw234\/#website"},"datePublished":"2016-01-06T17:32:11+00:00","dateModified":"2023-05-17T10:23:27+00:00","breadcrumb":{"@id":"https:\/\/kommunalwelt.de\/impressum\/#breadcrumb"},"inLanguage":"de","potentialAction":[{"@type":"ReadAction","target":["https:\/\/kommunalwelt.de\/impressum\/"]}]},{"@type":"BreadcrumbList","@id":"https:\/\/kommunalwelt.de\/impressum\/#breadcrumb","itemListElement":[{"@type":"ListItem","position":1,"name":"Home","item":"https:\/\/kopo.de\/kw234\/"},{"@type":"ListItem","position":2,"name":"Impressum"}]},{"@type":"WebSite","@id":"https:\/\/kopo.de\/kw234\/#website","url":"https:\/\/kopo.de\/kw234\/","name":"kommunalwelt.de","description":"","potentialAction":[{"@type":"SearchAction","target":{"@type":"EntryPoint","urlTemplate":"https:\/\/kopo.de\/kw234\/?s={search_term_string}"},"query-input":{"@type":"PropertyValueSpecification","valueRequired":true,"valueName":"search_term_string"}}],"inLanguage":"de"}]}},"_links":{"self":[{"href":"https:\/\/kopo.de\/kw234\/wp-json\/wp\/v2\/pages\/219","targetHints":{"allow":["GET"]}}],"collection":[{"href":"https:\/\/kopo.de\/kw234\/wp-json\/wp\/v2\/pages"}],"about":[{"href":"https:\/\/kopo.de\/kw234\/wp-json\/wp\/v2\/types\/page"}],"author":[{"embeddable":true,"href":"https:\/\/kopo.de\/kw234\/wp-json\/wp\/v2\/users\/2"}],"replies":[{"embeddable":true,"href":"https:\/\/kopo.de\/kw234\/wp-json\/wp\/v2\/comments?post=219"}],"version-history":[{"count":3,"href":"https:\/\/kopo.de\/kw234\/wp-json\/wp\/v2\/pages\/219\/revisions"}],"predecessor-version":[{"id":1432,"href":"https:\/\/kopo.de\/kw234\/wp-json\/wp\/v2\/pages\/219\/revisions\/1432"}],"wp:attachment":[{"href":"https:\/\/kopo.de\/kw234\/wp-json\/wp\/v2\/media?parent=219"}],"curies":[{"name":"wp","href":"https:\/\/api.w.org\/{rel}","templated":true}]}}