{"id":14,"date":"2013-01-24T14:37:49","date_gmt":"2013-01-24T12:37:49","guid":{"rendered":"http:\/\/kopo.de\/kw234\/?page_id=14"},"modified":"2026-05-08T11:06:30","modified_gmt":"2026-05-08T09:06:30","slug":"willkommen-auf-kommunalwelt-de","status":"publish","type":"page","link":"https:\/\/kopo.de\/kw234\/","title":{"rendered":"Willkommen auf kommunalwelt.de"},"content":{"rendered":"<p>[et_pb_section fb_built=&#8220;1&#8243; _builder_version=&#8220;4.16&#8243; global_colors_info=&#8220;{}&#8220;][et_pb_row disabled_on=&#8220;off|off|off&#8220; module_id=&#8220;einladung&#8220; _builder_version=&#8220;4.27.6&#8243; background_size=&#8220;initial&#8220; background_position=&#8220;top_left&#8220; background_repeat=&#8220;repeat&#8220; global_colors_info=&#8220;{}&#8220;][et_pb_column type=&#8220;4_4&#8243; _builder_version=&#8220;4.16&#8243; custom_padding=&#8220;|||&#8220; global_colors_info=&#8220;{}&#8220; custom_padding__hover=&#8220;|||&#8220;][et_pb_text _builder_version=&#8220;4.27.6&#8243; background_size=&#8220;initial&#8220; background_position=&#8220;top_left&#8220; background_repeat=&#8220;repeat&#8220; custom_padding=&#8220;||32px|||&#8220; global_colors_info=&#8220;{}&#8220;]<\/p>\n<section class=\"post-content\">\n<header>\n<header>\n<header>\n<header>\n<h1 class=\"page-title\">Kongress-<em>kommunal<\/em> 2026<\/h1>\n<\/header>\n<p><b><span data-olk-copy-source=\"MessageBody\">Sehr geehrte Damen und Herren, liebe Freunde,<\/span><\/b><\/p>\n<p><span>die Kommunalpolitische Vereinigung der CDU und CSU Deutschlands (KPV) kommt am\u00a0<b>6. und 7. November im Congress Park Hanau<\/b>\u00a0zu ihrem Kongress-<i>kommunal<\/i>\u00a0und zur\u00a0Bundesvertreterversammlung zusammen. Dazu laden wir Sie herzlich ein! Die diesj\u00e4hrige Veranstaltung steht unter dem Motto\u00a0<b>\u201eKommunen st\u00e4rken. Zukunft sichern.<\/b><\/span><\/p>\n<p><span>Bitte reservieren Sie den Termin f\u00fcr uns! Wir w\u00fcrden uns sehr freuen, Sie in Hanau begr\u00fc\u00dfen zu d\u00fcrfen. Weitere Informationen folgen ganz bald!<\/span><\/p>\n<p><b><span>Wir sehen uns in Hanau!<\/span><\/b><\/p>\n<p><b> <\/b><b><\/b>Eine Anmeldung ist noch nicht m\u00f6glich!<\/p>\n<\/header>\n<\/header>\n<\/header>\n<\/section>\n<p>[\/et_pb_text][\/et_pb_column][\/et_pb_row][et_pb_row module_id=&#8220;ausgaben&#8220; _builder_version=&#8220;4.27.6&#8243; _module_preset=&#8220;default&#8220; global_colors_info=&#8220;{}&#8220;][et_pb_column type=&#8220;4_4&#8243; _builder_version=&#8220;4.27.6&#8243; _module_preset=&#8220;default&#8220; global_colors_info=&#8220;{}&#8220;][et_pb_heading title=&#8220;Ausgaben kommunalwelt.de&#8220; _builder_version=&#8220;4.27.6&#8243; _module_preset=&#8220;default&#8220; global_colors_info=&#8220;{}&#8220;][\/et_pb_heading][dgbm_blog_module posts_number=&#8220;50&#8243; show_categories=&#8220;off&#8220; show_author=&#8220;off&#8220; show_date=&#8220;off&#8220; item_in_desktop=&#8220;4&#8243; item_in_tablet=&#8220;3&#8243; equal_height=&#8220;on&#8220; image_size=&#8220;mid&#8220; date_location=&#8220;over-image&#8220; _builder_version=&#8220;4.27.6&#8243; _module_preset=&#8220;default&#8220; box_shadow_style_image=&#8220;preset2&#8243; box_shadow_horizontal_image=&#8220;-3px&#8220; box_shadow_vertical_image=&#8220;-7px&#8220; global_colors_info=&#8220;{}&#8220;][\/dgbm_blog_module][\/et_pb_column][\/et_pb_row][\/et_pb_section]<\/p>\n","protected":false},"excerpt":{"rendered":"<p>Kongress-kommunal 2026 Sehr geehrte Damen und Herren, liebe Freunde, die Kommunalpolitische Vereinigung der CDU und CSU Deutschlands (KPV) kommt am\u00a06. und 7. November im Congress Park Hanau\u00a0zu ihrem Kongress-kommunal\u00a0und zur\u00a0Bundesvertreterversammlung zusammen. Dazu laden wir Sie herzlich ein! Die diesj\u00e4hrige Veranstaltung steht unter dem Motto\u00a0\u201eKommunen st\u00e4rken. Zukunft sichern. Bitte reservieren Sie den Termin f\u00fcr uns! Wir [&hellip;]<\/p>\n","protected":false},"author":2,"featured_media":0,"parent":0,"menu_order":0,"comment_status":"closed","ping_status":"closed","template":"","meta":{"_acf_changed":false,"_et_pb_use_builder":"on","_et_pb_old_content":"<section class=\"post-content\"><header><header><header><header>\n<h1 class=\"page-title\">Kongress-<em>kommuna<\/em>l 2025<\/h1>\n<\/header>Sehr geehrte Damen und Herren, liebe Freunde,\n\ndie Kommunalpolitische Vereinigung der CDU und CSU Deutschlands (KPV) kommt am 14. und 15. November im Konrad-Adenauer-Haus in Berlin zu ihrem Kongress-<em>kommunal<\/em> und zur Bundesvertreterversammlung zusammen. Dazu laden wir Sie herzlich ein!\n\nDie diesj\u00e4hrige Veranstaltung steht unter dem Motto \u201eStarke Kommunen machen das Land stark\".\n\nWeitere Informationen \u00fcber unseren Kongress finden Sie <a href=\"https:\/\/kpv.de\/kongress-kommunal-2025\/\">hier.<\/a>\n\n<strong>Wir sehen uns in Berlin!<\/strong>\n\n<\/header><\/header><\/header><\/section>","_et_gb_content_width":"","footnotes":""},"class_list":["post-14","page","type-page","status-publish","hentry"],"acf":[],"yoast_head":"<!-- This site is optimized with the Yoast SEO plugin v27.5 - https:\/\/yoast.com\/product\/yoast-seo-wordpress\/ -->\n<title>Willkommen auf kommunalwelt.de - kommunalwelt.de<\/title>\n<meta name=\"description\" content=\"Wir treffen uns in diesem Jahr zu unserem Kongress-kommunal\u00a0mit der Bundesvertreterversammlung der Kommunalpolitischen Vereinigung der CDU und CSU Deutschlands (KPV) am 24. und 25. November im Kongress Palais in Kassel. Dazu laden wir Sie herzlich ein!\" \/>\n<meta name=\"robots\" content=\"index, follow, max-snippet:-1, max-image-preview:large, max-video-preview:-1\" \/>\n<link rel=\"canonical\" href=\"https:\/\/kopo.de\/kw234\/\" \/>\n<meta property=\"og:locale\" content=\"de_DE\" \/>\n<meta property=\"og:type\" content=\"article\" \/>\n<meta property=\"og:title\" content=\"Willkommen auf kommunalwelt.de - kommunalwelt.de\" \/>\n<meta property=\"og:description\" content=\"Wir treffen uns in diesem Jahr zu unserem Kongress-kommunal\u00a0mit der Bundesvertreterversammlung der Kommunalpolitischen Vereinigung der CDU und CSU Deutschlands (KPV) am 24. und 25. November im Kongress Palais in Kassel. Dazu laden wir Sie herzlich ein!\" \/>\n<meta property=\"og:url\" content=\"https:\/\/kopo.de\/kw234\/\" \/>\n<meta property=\"og:site_name\" content=\"kommunalwelt.de\" \/>\n<meta property=\"article:modified_time\" content=\"2026-05-08T09:06:30+00:00\" \/>\n<meta name=\"twitter:card\" content=\"summary_large_image\" \/>\n<meta name=\"twitter:label1\" content=\"Gesch\u00e4tzte Lesezeit\" \/>\n\t<meta name=\"twitter:data1\" content=\"1\u00a0Minute\" \/>\n<script type=\"application\/ld+json\" class=\"yoast-schema-graph\">{\"@context\":\"https:\\\/\\\/schema.org\",\"@graph\":[{\"@type\":\"WebPage\",\"@id\":\"https:\\\/\\\/kopo.de\\\/kw234\\\/\",\"url\":\"https:\\\/\\\/kopo.de\\\/kw234\\\/\",\"name\":\"Willkommen auf kommunalwelt.de - kommunalwelt.de\",\"isPartOf\":{\"@id\":\"https:\\\/\\\/kopo.de\\\/kw234\\\/#website\"},\"datePublished\":\"2013-01-24T12:37:49+00:00\",\"dateModified\":\"2026-05-08T09:06:30+00:00\",\"description\":\"Wir treffen uns in diesem Jahr zu unserem Kongress-kommunal\u00a0mit der Bundesvertreterversammlung der Kommunalpolitischen Vereinigung der CDU und CSU Deutschlands (KPV) am 24. und 25. November im Kongress Palais in Kassel. Dazu laden wir Sie herzlich ein!\",\"breadcrumb\":{\"@id\":\"https:\\\/\\\/kopo.de\\\/kw234\\\/#breadcrumb\"},\"inLanguage\":\"de\",\"potentialAction\":[{\"@type\":\"ReadAction\",\"target\":[\"https:\\\/\\\/kopo.de\\\/kw234\\\/\"]}]},{\"@type\":\"BreadcrumbList\",\"@id\":\"https:\\\/\\\/kopo.de\\\/kw234\\\/#breadcrumb\",\"itemListElement\":[{\"@type\":\"ListItem\",\"position\":1,\"name\":\"Home\",\"item\":\"https:\\\/\\\/kopo.de\\\/kw234\\\/\"},{\"@type\":\"ListItem\",\"position\":2,\"name\":\"Willkommen auf kommunalwelt.de\"}]},{\"@type\":\"WebSite\",\"@id\":\"https:\\\/\\\/kopo.de\\\/kw234\\\/#website\",\"url\":\"https:\\\/\\\/kopo.de\\\/kw234\\\/\",\"name\":\"kommunalwelt.de\",\"description\":\"\",\"potentialAction\":[{\"@type\":\"SearchAction\",\"target\":{\"@type\":\"EntryPoint\",\"urlTemplate\":\"https:\\\/\\\/kopo.de\\\/kw234\\\/?s={search_term_string}\"},\"query-input\":{\"@type\":\"PropertyValueSpecification\",\"valueRequired\":true,\"valueName\":\"search_term_string\"}}],\"inLanguage\":\"de\"}]}<\/script>\n<!-- \/ Yoast SEO plugin. -->","yoast_head_json":{"title":"Willkommen auf kommunalwelt.de - kommunalwelt.de","description":"Wir treffen uns in diesem Jahr zu unserem Kongress-kommunal\u00a0mit der Bundesvertreterversammlung der Kommunalpolitischen Vereinigung der CDU und CSU Deutschlands (KPV) am 24. und 25. November im Kongress Palais in Kassel. Dazu laden wir Sie herzlich ein!","robots":{"index":"index","follow":"follow","max-snippet":"max-snippet:-1","max-image-preview":"max-image-preview:large","max-video-preview":"max-video-preview:-1"},"canonical":"https:\/\/kopo.de\/kw234\/","og_locale":"de_DE","og_type":"article","og_title":"Willkommen auf kommunalwelt.de - kommunalwelt.de","og_description":"Wir treffen uns in diesem Jahr zu unserem Kongress-kommunal\u00a0mit der Bundesvertreterversammlung der Kommunalpolitischen Vereinigung der CDU und CSU Deutschlands (KPV) am 24. und 25. November im Kongress Palais in Kassel. Dazu laden wir Sie herzlich ein!","og_url":"https:\/\/kopo.de\/kw234\/","og_site_name":"kommunalwelt.de","article_modified_time":"2026-05-08T09:06:30+00:00","twitter_card":"summary_large_image","twitter_misc":{"Gesch\u00e4tzte Lesezeit":"1\u00a0Minute"},"schema":{"@context":"https:\/\/schema.org","@graph":[{"@type":"WebPage","@id":"https:\/\/kopo.de\/kw234\/","url":"https:\/\/kopo.de\/kw234\/","name":"Willkommen auf kommunalwelt.de - kommunalwelt.de","isPartOf":{"@id":"https:\/\/kopo.de\/kw234\/#website"},"datePublished":"2013-01-24T12:37:49+00:00","dateModified":"2026-05-08T09:06:30+00:00","description":"Wir treffen uns in diesem Jahr zu unserem Kongress-kommunal\u00a0mit der Bundesvertreterversammlung der Kommunalpolitischen Vereinigung der CDU und CSU Deutschlands (KPV) am 24. und 25. November im Kongress Palais in Kassel. Dazu laden wir Sie herzlich ein!","breadcrumb":{"@id":"https:\/\/kopo.de\/kw234\/#breadcrumb"},"inLanguage":"de","potentialAction":[{"@type":"ReadAction","target":["https:\/\/kopo.de\/kw234\/"]}]},{"@type":"BreadcrumbList","@id":"https:\/\/kopo.de\/kw234\/#breadcrumb","itemListElement":[{"@type":"ListItem","position":1,"name":"Home","item":"https:\/\/kopo.de\/kw234\/"},{"@type":"ListItem","position":2,"name":"Willkommen auf kommunalwelt.de"}]},{"@type":"WebSite","@id":"https:\/\/kopo.de\/kw234\/#website","url":"https:\/\/kopo.de\/kw234\/","name":"kommunalwelt.de","description":"","potentialAction":[{"@type":"SearchAction","target":{"@type":"EntryPoint","urlTemplate":"https:\/\/kopo.de\/kw234\/?s={search_term_string}"},"query-input":{"@type":"PropertyValueSpecification","valueRequired":true,"valueName":"search_term_string"}}],"inLanguage":"de"}]}},"_links":{"self":[{"href":"https:\/\/kopo.de\/kw234\/wp-json\/wp\/v2\/pages\/14","targetHints":{"allow":["GET"]}}],"collection":[{"href":"https:\/\/kopo.de\/kw234\/wp-json\/wp\/v2\/pages"}],"about":[{"href":"https:\/\/kopo.de\/kw234\/wp-json\/wp\/v2\/types\/page"}],"author":[{"embeddable":true,"href":"https:\/\/kopo.de\/kw234\/wp-json\/wp\/v2\/users\/2"}],"replies":[{"embeddable":true,"href":"https:\/\/kopo.de\/kw234\/wp-json\/wp\/v2\/comments?post=14"}],"version-history":[{"count":84,"href":"https:\/\/kopo.de\/kw234\/wp-json\/wp\/v2\/pages\/14\/revisions"}],"predecessor-version":[{"id":1655,"href":"https:\/\/kopo.de\/kw234\/wp-json\/wp\/v2\/pages\/14\/revisions\/1655"}],"wp:attachment":[{"href":"https:\/\/kopo.de\/kw234\/wp-json\/wp\/v2\/media?parent=14"}],"curies":[{"name":"wp","href":"https:\/\/api.w.org\/{rel}","templated":true}]}}